{"id":472,"date":"2021-05-11T09:28:53","date_gmt":"2021-05-11T09:28:53","guid":{"rendered":"https:\/\/cerrajeros24hr.es\/?page_id=472"},"modified":"2025-10-07T08:55:28","modified_gmt":"2025-10-07T08:55:28","slug":"home","status":"publish","type":"page","link":"https:\/\/cerrajeros24hr.es\/","title":{"rendered":"Home"},"content":{"rendered":"<p><a href=\"#\">\u00a0<\/a><\/p>\n<h5><a href=\"#\"><br \/>\nToledo, Almer\u00eda y Murcia <\/a><\/h5>\n<style>\/*! elementor - v3.13.3 - 28-05-2023 *\/<br \/>\n.elementor-heading-title{padding:0;margin:0;line-height:1}.elementor-widget-heading .elementor-heading-title[class*=elementor-size-]>a{color:inherit;font-size:inherit;line-height:inherit}.elementor-widget-heading .elementor-heading-title.elementor-size-small{font-size:15px}.elementor-widget-heading .elementor-heading-title.elementor-size-medium{font-size:19px}.elementor-widget-heading .elementor-heading-title.elementor-size-large{font-size:29px}.elementor-widget-heading .elementor-heading-title.elementor-size-xl{font-size:39px}.elementor-widget-heading .elementor-heading-title.elementor-size-xxl{font-size:59px}<\/style>\n<h1>cerrajeros<br \/>\n24 horas 365 d\u00edas<\/h1>\n<p><a role=\"button\" href=\"tel:656343279\"><br \/>\n656 343 279<br \/>\n<\/a><\/p>\n<h2>\u00bfUrgencias?<\/h2>\n<p><u>LL\u00e1manos<\/u><\/p>\n<h2>\u00e1reas de servicio<\/h2>\n<style>\/*! elementor - v3.13.3 - 28-05-2023 *\/<br \/>\n.elementor-widget-image{text-align:center}.elementor-widget-image a{display:inline-block}.elementor-widget-image a img[src$=\".svg\"]{width:48px}.elementor-widget-image img{vertical-align:middle;display:inline-block}<\/style>\n<p><a href=\"#\"><br \/>\n<img fetchpriority=\"high\" decoding=\"async\" src=\"http:\/\/cerrajeros24hr.es\/wp-content\/uploads\/2023\/05\/ee667fe0-708b-11e8-99fe-0242ac11000d-1.jpg\" sizes=\"(max-width: 380px) 100vw, 380px\" srcset=\"https:\/\/cerrajeros24hr.es\/wp-content\/uploads\/2023\/05\/ee667fe0-708b-11e8-99fe-0242ac11000d-1.jpg 380w, https:\/\/cerrajeros24hr.es\/wp-content\/uploads\/2023\/05\/ee667fe0-708b-11e8-99fe-0242ac11000d-1-238x300.jpg 238w\" alt=\"\" width=\"380\" height=\"480\" \/> <\/a><\/p>\n<h3><a href=\"#\">Toledo<\/a><\/h3>\n<style>\/*! elementor - v3.13.3 - 28-05-2023 *\/<br \/>\n.elementor-widget-divider{--divider-border-style:none;--divider-border-width:1px;--divider-color:#0c0d0e;--divider-icon-size:20px;--divider-element-spacing:10px;--divider-pattern-height:24px;--divider-pattern-size:20px;--divider-pattern-url:none;--divider-pattern-repeat:repeat-x}.elementor-widget-divider .elementor-divider{display:flex}.elementor-widget-divider .elementor-divider__text{font-size:15px;line-height:1;max-width:95%}.elementor-widget-divider .elementor-divider__element{margin:0 var(--divider-element-spacing);flex-shrink:0}.elementor-widget-divider .elementor-icon{font-size:var(--divider-icon-size)}.elementor-widget-divider .elementor-divider-separator{display:flex;margin:0;direction:ltr}.elementor-widget-divider--view-line_icon .elementor-divider-separator,.elementor-widget-divider--view-line_text .elementor-divider-separator{align-items:center}.elementor-widget-divider--view-line_icon .elementor-divider-separator:after,.elementor-widget-divider--view-line_icon .elementor-divider-separator:before,.elementor-widget-divider--view-line_text .elementor-divider-separator:after,.elementor-widget-divider--view-line_text .elementor-divider-separator:before{display:block;content:\"\";border-bottom:0;flex-grow:1;border-top:var(--divider-border-width) var(--divider-border-style) var(--divider-color)}.elementor-widget-divider--element-align-left .elementor-divider .elementor-divider-separator>.elementor-divider__svg:first-of-type{flex-grow:0;flex-shrink:100}.elementor-widget-divider--element-align-left .elementor-divider-separator:before{content:none}.elementor-widget-divider--element-align-left .elementor-divider__element{margin-left:0}.elementor-widget-divider--element-align-right .elementor-divider .elementor-divider-separator>.elementor-divider__svg:last-of-type{flex-grow:0;flex-shrink:100}.elementor-widget-divider--element-align-right .elementor-divider-separator:after{content:none}.elementor-widget-divider--element-align-right .elementor-divider__element{margin-right:0}.elementor-widget-divider:not(.elementor-widget-divider--view-line_text):not(.elementor-widget-divider--view-line_icon) .elementor-divider-separator{border-top:var(--divider-border-width) var(--divider-border-style) var(--divider-color)}.elementor-widget-divider--separator-type-pattern{--divider-border-style:none}.elementor-widget-divider--separator-type-pattern.elementor-widget-divider--view-line .elementor-divider-separator,.elementor-widget-divider--separator-type-pattern:not(.elementor-widget-divider--view-line) .elementor-divider-separator:after,.elementor-widget-divider--separator-type-pattern:not(.elementor-widget-divider--view-line) .elementor-divider-separator:before,.elementor-widget-divider--separator-type-pattern:not([class*=elementor-widget-divider--view]) .elementor-divider-separator{width:100%;min-height:var(--divider-pattern-height);-webkit-mask-size:var(--divider-pattern-size) 100%;mask-size:var(--divider-pattern-size) 100%;-webkit-mask-repeat:var(--divider-pattern-repeat);mask-repeat:var(--divider-pattern-repeat);background-color:var(--divider-color);-webkit-mask-image:var(--divider-pattern-url);mask-image:var(--divider-pattern-url)}.elementor-widget-divider--no-spacing{--divider-pattern-size:auto}.elementor-widget-divider--bg-round{--divider-pattern-repeat:round}.rtl .elementor-widget-divider .elementor-divider__text{direction:rtl}.e-con-inner>.elementor-widget-divider,.e-con>.elementor-widget-divider{width:var(--container-widget-width,100%);--flex-grow:var(--container-widget-flex-grow)}<\/style>\n<style>\/*! elementor - v3.13.3 - 28-05-2023 *\/<br \/>\n.elementor-toggle{text-align:left}.elementor-toggle .elementor-tab-title{font-weight:700;line-height:1;margin:0;padding:15px;border-bottom:1px solid #d5d8dc;cursor:pointer;outline:none}.elementor-toggle .elementor-tab-title .elementor-toggle-icon{display:inline-block;width:1em}.elementor-toggle .elementor-tab-title .elementor-toggle-icon svg{-webkit-margin-start:-5px;margin-inline-start:-5px;width:1em;height:1em}.elementor-toggle .elementor-tab-title .elementor-toggle-icon.elementor-toggle-icon-right{float:right;text-align:right}.elementor-toggle .elementor-tab-title .elementor-toggle-icon.elementor-toggle-icon-left{float:left;text-align:left}.elementor-toggle .elementor-tab-title .elementor-toggle-icon .elementor-toggle-icon-closed{display:block}.elementor-toggle .elementor-tab-title .elementor-toggle-icon .elementor-toggle-icon-opened{display:none}.elementor-toggle .elementor-tab-title.elementor-active{border-bottom:none}.elementor-toggle .elementor-tab-title.elementor-active .elementor-toggle-icon-closed{display:none}.elementor-toggle .elementor-tab-title.elementor-active .elementor-toggle-icon-opened{display:block}.elementor-toggle .elementor-tab-content{padding:15px;border-bottom:1px solid #d5d8dc;display:none}@media (max-width:767px){.elementor-toggle .elementor-tab-title{padding:12px}.elementor-toggle .elementor-tab-content{padding:12px 10px}}.e-con-inner>.elementor-widget-toggle,.e-con>.elementor-widget-toggle{width:var(--container-widget-width);--flex-grow:var(--container-widget-flex-grow)}<\/style>\n<p><a>Distritos de Toledo<\/a><\/p>\n<h6><a href=\"https:\/\/cerrajeros24hr.es\/?page_id=825\">Toledo Capital<\/a><br \/>\n<a href=\"https:\/\/cerrajeros24hr.es\/?page_id=1132\">Illescas<\/a><br \/>\n<a href=\"https:\/\/cerrajeros24hr.es\/?page_id=1155\">Torrijos<\/a><br \/>\n<a href=\"https:\/\/cerrajeros24hr.es\/?page_id=1167\">Talavera de la reina<\/a><br \/>\n<a href=\"https:\/\/cerrajeros24hr.es\/?page_id=1172\">Sese\u00f1a<\/a><br \/>\n<a href=\"https:\/\/cerrajeros24hr.es\/?page_id=1187\">Fuensalida<\/a><br \/>\n<a href=\"https:\/\/cerrajeros24hr.es\/?page_id=1192\">Bargas<\/a><\/h6>\n<p><a>Otros distritos<\/a><\/p>\n<h6>Podemos ofrecer servicios en toda la provincia de Toledo<\/h6>\n<p><a href=\"#\"><br \/>\n<img decoding=\"async\" src=\"http:\/\/cerrajeros24hr.es\/wp-content\/uploads\/2023\/05\/vistas-almeria-general-kMgF-1248x698abc.jpg\" sizes=\"(max-width: 380px) 100vw, 380px\" srcset=\"https:\/\/cerrajeros24hr.es\/wp-content\/uploads\/2023\/05\/vistas-almeria-general-kMgF-1248x698abc.jpg 380w, https:\/\/cerrajeros24hr.es\/wp-content\/uploads\/2023\/05\/vistas-almeria-general-kMgF-1248x698abc-238x300.jpg 238w\" alt=\"\" width=\"380\" height=\"480\" \/> <\/a><\/p>\n<h3><a href=\"#\">Almer\u00eda<\/a><\/h3>\n<p><a>Distritos de Almer\u00eda<\/a><\/p>\n<h6><a href=\"https:\/\/cerrajeros24hr.es\/?page_id=1214\">Roquetas de Mar<\/a><br \/>\n<a href=\"https:\/\/cerrajeros24hr.es\/?page_id=1219\">Aguadulce<\/a><br \/>\n<a href=\"https:\/\/cerrajeros24hr.es\/?page_id=1225\">San Juan de los Terreros<\/a><br \/>\n<a href=\"https:\/\/cerrajeros24hr.es\/?page_id=1230\">Hu\u00e9rcal Overa<\/a><br \/>\n<a href=\"https:\/\/cerrajeros24hr.es\/?page_id=1236\">Vera<\/a><br \/>\n<a href=\"https:\/\/cerrajeros24hr.es\/?page_id=1244\">Garrucha<\/a><br \/>\n<a href=\"https:\/\/cerrajeros24hr.es\/?page_id=1249\">Moj\u00e1car<\/a><\/h6>\n<p><a>Otros distritos<\/a><\/p>\n<h6>Podemos ofrecer servicios en toda la provincia de Almer\u00eda<\/h6>\n<p><a href=\"#\"><br \/>\n<img decoding=\"async\" src=\"http:\/\/cerrajeros24hr.es\/wp-content\/uploads\/2023\/05\/Plan-Estrategico-Turismo-Murcia.jpg\" sizes=\"(max-width: 380px) 100vw, 380px\" srcset=\"https:\/\/cerrajeros24hr.es\/wp-content\/uploads\/2023\/05\/Plan-Estrategico-Turismo-Murcia.jpg 380w, https:\/\/cerrajeros24hr.es\/wp-content\/uploads\/2023\/05\/Plan-Estrategico-Turismo-Murcia-238x300.jpg 238w\" alt=\"\" width=\"380\" height=\"480\" \/> <\/a><\/p>\n<h3><a href=\"#\">Murcia<\/a><\/h3>\n<p><a>Distritos de Murcia<\/a><\/p>\n<h6><a href=\"https:\/\/cerrajeros24hr.es\/?page_id=1262\">Lorca<\/a><br \/>\n<a href=\"https:\/\/cerrajeros24hr.es\/?page_id=1267\">\u00c1guilas<\/a><br \/>\n<a href=\"https:\/\/cerrajeros24hr.es\/?page_id=1272\">Puerto de Mazarr\u00f3n<\/a><br \/>\n<a href=\"https:\/\/cerrajeros24hr.es\/?page_id=1295\">Puerto Lumbreras<\/a><br \/>\n<a href=\"https:\/\/cerrajeros24hr.es\/?page_id=1285\">Alhama de Murcia<\/a><br \/>\n<a href=\"https:\/\/cerrajeros24hr.es\/?page_id=1290\">Totana<\/a><\/h6>\n<p><a>Otros distritos<\/a><\/p>\n<h6>Podemos ofrecer servicios en toda la regi\u00f3n de Murcia<\/h6>\n<p><a role=\"button\" href=\"tel:656343279\"><br \/>\n656 343 279<br \/>\n<\/a><\/p>\n<h2>24 horas 365 d\u00edas<br \/>\nLl\u00e1manos<\/h2>\n<h3>Aceptamos cualquier m\u00e9todo de pago<\/h3>\n<p><img loading=\"lazy\" decoding=\"async\" src=\"http:\/\/cerrajeros24hr.es\/wp-content\/uploads\/2023\/05\/VISA-copy-1.png-copia-1024x271-1.webp\" sizes=\"(max-width: 1024px) 100vw, 1024px\" srcset=\"https:\/\/cerrajeros24hr.es\/wp-content\/uploads\/2023\/05\/VISA-copy-1.png-copia-1024x271-1.webp 1024w, https:\/\/cerrajeros24hr.es\/wp-content\/uploads\/2023\/05\/VISA-copy-1.png-copia-1024x271-1-300x79.webp 300w, https:\/\/cerrajeros24hr.es\/wp-content\/uploads\/2023\/05\/VISA-copy-1.png-copia-1024x271-1-768x203.webp 768w\" alt=\"\" width=\"1024\" height=\"271\" \/><\/p>\n<h2>Nuestros clientes nos eligen<\/h2>\n<p><!-- link opening --><br \/>\n<a href=\"#\" target=\"_self\" rel=\"noopener\"><br \/>\n<!-- end link opening --><\/a><\/p>\n<h3>Velocidad<\/h3>\n<p>Acudiremos enseguida a la urgencia que te surja, cuenta con nosotros<\/p>\n<p><!-- link opening --><br \/>\n<a href=\"#\" target=\"_self\" rel=\"noopener\"><br \/>\n<!-- end link opening --><\/a><\/p>\n<h3>Disponibles 24h 365 d\u00edas<\/h3>\n<p>Disponibles en cualquier momento, ya sea durante el d\u00eda, la noche o fines de semana y d\u00edas festivos<\/p>\n<p><!-- link opening --><br \/>\n<a href=\"#\" target=\"_self\" rel=\"noopener\"><br \/>\n<!-- end link opening --><\/a><\/p>\n<h3>Experiencia<\/h3>\n<p>Somos expertos en el campo y poseemos un amplio conocimiento<\/p>\n<p><img loading=\"lazy\" decoding=\"async\" src=\"http:\/\/cerrajeros24hr.es\/wp-content\/uploads\/2023\/05\/Diseno-sin-titulo-15-768x459.jpg\" sizes=\"(max-width: 768px) 100vw, 768px\" srcset=\"https:\/\/cerrajeros24hr.es\/wp-content\/uploads\/2023\/05\/Diseno-sin-titulo-15-768x459.jpg 768w, https:\/\/cerrajeros24hr.es\/wp-content\/uploads\/2023\/05\/Diseno-sin-titulo-15-300x179.jpg 300w, https:\/\/cerrajeros24hr.es\/wp-content\/uploads\/2023\/05\/Diseno-sin-titulo-15-1024x612.jpg 1024w, https:\/\/cerrajeros24hr.es\/wp-content\/uploads\/2023\/05\/Diseno-sin-titulo-15-1536x917.jpg 1536w, https:\/\/cerrajeros24hr.es\/wp-content\/uploads\/2023\/05\/Diseno-sin-titulo-15.jpg 1800w\" alt=\"\" width=\"768\" height=\"459\" \/><br \/>\n<a role=\"button\" href=\"https:\/\/wa.link\/dxdhw2\"><br \/>\n656 343 279<br \/>\n<\/a><\/p>\n<h3>Escr\u00edbenos por WhatsApp<\/h3>\n<style>\/*! elementor - v3.13.3 - 28-05-2023 *\/<br \/>\n.elementor-column .elementor-spacer-inner{height:var(--spacer-size)}.e-con{--container-widget-width:100%}.e-con-inner>.elementor-widget-spacer,.e-con>.elementor-widget-spacer{width:var(--container-widget-width,var(--spacer-size));--align-self:var(--container-widget-align-self,initial);--flex-shrink:0}.e-con-inner>.elementor-widget-spacer>.elementor-widget-container,.e-con-inner>.elementor-widget-spacer>.elementor-widget-container>.elementor-spacer,.e-con>.elementor-widget-spacer>.elementor-widget-container,.e-con>.elementor-widget-spacer>.elementor-widget-container>.elementor-spacer{height:100%}.e-con-inner>.elementor-widget-spacer>.elementor-widget-container>.elementor-spacer>.elementor-spacer-inner,.e-con>.elementor-widget-spacer>.elementor-widget-container>.elementor-spacer>.elementor-spacer-inner{height:var(--container-widget-height,var(--spacer-size))}<\/style>\n<h2>\u00bfNecesitas un presupuesto?<\/h2>\n<ul>\n<li><a href=\"#\"><br \/>\n<\/a><a href=\"mailto:toledocerrajeros24horas@gmail.com\">toledocerrajeros24horas@gmail.com<\/a><a href=\"#\"><br \/>\n<\/a><\/li>\n<li>656 343 279<\/li>\n<li>656 343 279<\/li>\n<\/ul>\n<h3>Cont\u00e1ctanos<\/h3>\n","protected":false},"excerpt":{"rendered":"<p>\u00a0 Toledo, Almer\u00eda y Murcia cerrajeros 24 horas 365 d\u00edas 656 343 279 \u00bfUrgencias? LL\u00e1manos \u00e1reas de servicio Toledo Distritos de Toledo Toledo Capital Illescas Torrijos Talavera de la reina Sese\u00f1a Fuensalida Bargas Otros distritos Podemos ofrecer servicios en toda la provincia de Toledo Almer\u00eda Distritos de Almer\u00eda Roquetas de Mar Aguadulce San Juan de los Terreros Hu\u00e9rcal Overa Vera Garrucha Moj\u00e1car Otros distritos Podemos ofrecer servicios en toda la provincia de Almer\u00eda Murcia Distritos de Murcia Lorca \u00c1guilas Puerto de Mazarr\u00f3n Puerto Lumbreras Alhama de Murcia Totana Otros distritos Podemos ofrecer servicios en toda la regi\u00f3n de Murcia 656 343 279 24 horas 365 d\u00edas Ll\u00e1manos Aceptamos cualquier m\u00e9todo de pago Nuestros clientes nos eligen Velocidad Acudiremos enseguida a la urgencia que te surja, cuenta con nosotros Disponibles 24h 365 d\u00edas Disponibles en cualquier momento, ya sea durante el d\u00eda, la noche o fines de semana y d\u00edas festivos Experiencia Somos expertos en el campo y poseemos un amplio conocimiento 656 343 279 Escr\u00edbenos por WhatsApp \u00bfNecesitas un presupuesto? toledocerrajeros24horas@gmail.com 656 343 279 656 343 279 Cont\u00e1ctanos<\/p>\n","protected":false},"author":1,"featured_media":0,"parent":0,"menu_order":0,"comment_status":"closed","ping_status":"closed","template":"","meta":{"site-sidebar-layout":"no-sidebar","site-content-layout":"page-builder","ast-global-header-display":"","ast-banner-title-visibility":"","ast-main-header-display":"","ast-hfb-above-header-display":"","ast-hfb-below-header-display":"","ast-hfb-mobile-header-display":"","site-post-title":"disabled","ast-breadcrumbs-content":"disabled","ast-featured-img":"disabled","footer-sml-layout":"","theme-transparent-header-meta":"default","adv-header-id-meta":"","stick-header-meta":"","header-above-stick-meta":"","header-main-stick-meta":"","header-below-stick-meta":"","footnotes":""},"aioseo_notices":[],"_links":{"self":[{"href":"https:\/\/cerrajeros24hr.es\/index.php?rest_route=\/wp\/v2\/pages\/472"}],"collection":[{"href":"https:\/\/cerrajeros24hr.es\/index.php?rest_route=\/wp\/v2\/pages"}],"about":[{"href":"https:\/\/cerrajeros24hr.es\/index.php?rest_route=\/wp\/v2\/types\/page"}],"author":[{"embeddable":true,"href":"https:\/\/cerrajeros24hr.es\/index.php?rest_route=\/wp\/v2\/users\/1"}],"replies":[{"embeddable":true,"href":"https:\/\/cerrajeros24hr.es\/index.php?rest_route=%2Fwp%2Fv2%2Fcomments&post=472"}],"version-history":[{"count":114,"href":"https:\/\/cerrajeros24hr.es\/index.php?rest_route=\/wp\/v2\/pages\/472\/revisions"}],"predecessor-version":[{"id":1517,"href":"https:\/\/cerrajeros24hr.es\/index.php?rest_route=\/wp\/v2\/pages\/472\/revisions\/1517"}],"wp:attachment":[{"href":"https:\/\/cerrajeros24hr.es\/index.php?rest_route=%2Fwp%2Fv2%2Fmedia&parent=472"}],"curies":[{"name":"wp","href":"https:\/\/api.w.org\/{rel}","templated":true}]}}