{"id":1409,"date":"2023-05-29T14:26:53","date_gmt":"2023-05-29T14:26:53","guid":{"rendered":"https:\/\/cerrajeros24hr.es\/?page_id=1409"},"modified":"2023-05-29T14:28:32","modified_gmt":"2023-05-29T14:28:32","slug":"politica-de-cookies","status":"publish","type":"page","link":"https:\/\/cerrajeros24hr.es\/?page_id=1409","title":{"rendered":"Pol\u00edtica de cookies"},"content":{"rendered":"\t\t<div data-elementor-type=\"wp-page\" data-elementor-id=\"1409\" class=\"elementor elementor-1409\" data-elementor-settings=\"{&quot;ha_cmc_init_switcher&quot;:&quot;no&quot;}\">\n\t\t\t\t\t\t<section class=\"elementor-section elementor-top-section elementor-element elementor-element-621a9d3 elementor-section-boxed elementor-section-height-default elementor-section-height-default wpr-particle-no wpr-jarallax-no wpr-parallax-no wpr-sticky-section-no\" data-id=\"621a9d3\" data-element_type=\"section\" data-settings=\"{&quot;_ha_eqh_enable&quot;:false}\">\n\t\t\t\t\t\t<div class=\"elementor-container elementor-column-gap-default\">\n\t\t\t\t\t<div class=\"elementor-column elementor-col-100 elementor-top-column elementor-element elementor-element-b0334fb\" data-id=\"b0334fb\" data-element_type=\"column\">\n\t\t\t<div class=\"elementor-widget-wrap elementor-element-populated\">\n\t\t\t\t\t\t<div class=\"elementor-element elementor-element-c0d4a2c elementor-widget elementor-widget-spacer\" data-id=\"c0d4a2c\" data-element_type=\"widget\" data-widget_type=\"spacer.default\">\n\t\t\t\t<div class=\"elementor-widget-container\">\n\t\t\t\t\t\t\t<div class=\"elementor-spacer\">\n\t\t\t<div class=\"elementor-spacer-inner\"><\/div>\n\t\t<\/div>\n\t\t\t\t\t\t<\/div>\n\t\t\t\t<\/div>\n\t\t\t\t\t<\/div>\n\t\t<\/div>\n\t\t\t\t\t<\/div>\n\t\t<\/section>\n\t\t\t\t<section class=\"elementor-section elementor-top-section elementor-element elementor-element-ce3b977 elementor-section-boxed elementor-section-height-default elementor-section-height-default wpr-particle-no wpr-jarallax-no wpr-parallax-no wpr-sticky-section-no\" data-id=\"ce3b977\" data-element_type=\"section\" data-settings=\"{&quot;_ha_eqh_enable&quot;:false}\">\n\t\t\t\t\t\t<div class=\"elementor-container elementor-column-gap-default\">\n\t\t\t\t\t<div class=\"elementor-column elementor-col-100 elementor-top-column elementor-element elementor-element-2e9d45f\" data-id=\"2e9d45f\" data-element_type=\"column\">\n\t\t\t<div class=\"elementor-widget-wrap elementor-element-populated\">\n\t\t\t\t\t\t<div class=\"elementor-element elementor-element-01932b8 elementor-widget elementor-widget-heading\" data-id=\"01932b8\" data-element_type=\"widget\" data-widget_type=\"heading.default\">\n\t\t\t\t<div class=\"elementor-widget-container\">\n\t\t\t\t\t<h2 class=\"elementor-heading-title elementor-size-default\">Pol\u00edtica de Cookies de Cerrajeros24h\n\n<\/h2>\t\t\t\t<\/div>\n\t\t\t\t<\/div>\n\t\t\t\t\t<\/div>\n\t\t<\/div>\n\t\t\t\t\t<\/div>\n\t\t<\/section>\n\t\t\t\t<section class=\"elementor-section elementor-top-section elementor-element elementor-element-3277305 elementor-section-boxed elementor-section-height-default elementor-section-height-default wpr-particle-no wpr-jarallax-no wpr-parallax-no wpr-sticky-section-no\" data-id=\"3277305\" data-element_type=\"section\" data-settings=\"{&quot;_ha_eqh_enable&quot;:false}\">\n\t\t\t\t\t\t<div class=\"elementor-container elementor-column-gap-default\">\n\t\t\t\t\t<div class=\"elementor-column elementor-col-100 elementor-top-column elementor-element elementor-element-8b26198\" data-id=\"8b26198\" data-element_type=\"column\">\n\t\t\t<div class=\"elementor-widget-wrap elementor-element-populated\">\n\t\t\t\t\t\t<div class=\"elementor-element elementor-element-a8593c5 elementor-widget elementor-widget-text-editor\" data-id=\"a8593c5\" data-element_type=\"widget\" data-widget_type=\"text-editor.default\">\n\t\t\t\t<div class=\"elementor-widget-container\">\n\t\t\t\t\t\t\t\t\t<p><span style=\"font-style: inherit; font-weight: inherit; background-color: var(--ast-global-color-4);\">\u00daltima actualizaci\u00f3n: 29\/05\/2023<\/span><\/p><p>En el sitio web de Cerrajeros24h, utilizamos cookies y tecnolog\u00edas similares para mejorar su experiencia en l\u00ednea. Esta pol\u00edtica de cookies explica qu\u00e9 son las cookies, c\u00f3mo las utilizamos y qu\u00e9 opciones tiene para controlarlas.<\/p><p>\u00bfQu\u00e9 son las cookies?<\/p><p>Las cookies son peque\u00f1os archivos de texto que se almacenan en su dispositivo cuando visita nuestro sitio web. Estas cookies contienen informaci\u00f3n que se utiliza para mejorar la funcionalidad y el rendimiento del sitio, as\u00ed como para proporcionarle una experiencia personalizada.<\/p><p>\u00bfC\u00f3mo utilizamos las cookies?<\/p><p>Utilizamos cookies con diversos fines, que incluyen:<\/p><ol><li><p>Funcionalidad del sitio: Utilizamos cookies para recordar sus preferencias y proporcionarle una experiencia de navegaci\u00f3n personalizada. Estas cookies nos permiten recordar su elecci\u00f3n de idioma, sus datos de inicio de sesi\u00f3n y otras preferencias relacionadas con el sitio web.<\/p><\/li><li><p>An\u00e1lisis y rendimiento: Utilizamos cookies para recopilar informaci\u00f3n sobre c\u00f3mo utiliza nuestro sitio web, como las p\u00e1ginas que visita con m\u00e1s frecuencia y los errores que pueden ocurrir. Estos datos nos ayudan a mejorar la funcionalidad y el rendimiento del sitio.<\/p><\/li><li><p>Publicidad: Podemos utilizar cookies para ofrecerle anuncios personalizados seg\u00fan sus intereses y preferencias. Estas cookies nos ayudan a mostrarle contenido relevante y a limitar la cantidad de veces que se le muestra un anuncio en particular.<\/p><\/li><li><p>Redes sociales: Algunas p\u00e1ginas de nuestro sitio web pueden incluir botones de redes sociales que le permiten compartir contenido en plataformas de redes sociales como Facebook, Twitter y LinkedIn. Estos botones pueden utilizar cookies para rastrear su actividad en l\u00ednea y personalizar su experiencia en las redes sociales.<\/p><\/li><\/ol><p>Control de cookies<\/p><p>Puede controlar y administrar las cookies en su navegador. Tenga en cuenta que si deshabilita o elimina ciertas cookies, es posible que algunas partes de nuestro sitio web no funcionen correctamente o que su experiencia en l\u00ednea se vea afectada.<\/p><p>La mayor\u00eda de los navegadores le permiten configurar sus preferencias de cookies a trav\u00e9s de la configuraci\u00f3n del navegador. Estos ajustes suelen encontrarse en el men\u00fa &#8220;Opciones&#8221; o &#8220;Preferencias&#8221; de su navegador. A trav\u00e9s de la configuraci\u00f3n del navegador, puede bloquear o eliminar cookies de forma selectiva o configurar su navegador para que le avise antes de que se coloquen cookies en su dispositivo.<\/p><p>Para obtener m\u00e1s informaci\u00f3n sobre c\u00f3mo administrar cookies en diferentes navegadores, puede consultar la secci\u00f3n de ayuda o soporte del navegador espec\u00edfico que est\u00e9 utilizando.<\/p><p>Cambios en la pol\u00edtica de cookies<\/p><p>Nos reservamos el derecho de actualizar o modificar esta pol\u00edtica de cookies en cualquier momento. Cualquier cambio realizado se publicar\u00e1 en esta p\u00e1gina con la fecha de entrada en vigor revisada al comienzo de la pol\u00edtica. Le recomendamos que revise peri\u00f3dicamente esta pol\u00edtica para mantenerse informado sobre c\u00f3mo utilizamos las cookies.<\/p><p>Contacto<\/p><p>Si tiene alguna pregunta, inquietud o solicitud relacionada con nuestra pol\u00edtica de cookies, no dude en ponerse en contacto con nosotros<\/p>\t\t\t\t\t\t\t\t<\/div>\n\t\t\t\t<\/div>\n\t\t\t\t\t<\/div>\n\t\t<\/div>\n\t\t\t\t\t<\/div>\n\t\t<\/section>\n\t\t\t\t<\/div>\n\t\t","protected":false},"excerpt":{"rendered":"<p>Pol\u00edtica de Cookies de Cerrajeros24h \u00daltima actualizaci\u00f3n: 29\/05\/2023 En el sitio web de Cerrajeros24h, utilizamos cookies y tecnolog\u00edas similares para mejorar su experiencia en l\u00ednea. Esta pol\u00edtica de cookies explica qu\u00e9 son las cookies, c\u00f3mo las utilizamos y qu\u00e9 opciones tiene para controlarlas. \u00bfQu\u00e9 son las cookies? Las cookies son peque\u00f1os archivos de texto que se almacenan en su dispositivo cuando visita nuestro sitio web. Estas cookies contienen informaci\u00f3n que se utiliza para mejorar la funcionalidad y el rendimiento del sitio, as\u00ed como para proporcionarle una experiencia personalizada. \u00bfC\u00f3mo utilizamos las cookies? Utilizamos cookies con diversos fines, que incluyen: Funcionalidad del sitio: Utilizamos cookies para recordar sus preferencias y proporcionarle una experiencia de navegaci\u00f3n personalizada. Estas cookies nos permiten recordar su elecci\u00f3n de idioma, sus datos de inicio de sesi\u00f3n y otras preferencias relacionadas con el sitio web. An\u00e1lisis y rendimiento: Utilizamos cookies para recopilar informaci\u00f3n sobre c\u00f3mo utiliza nuestro sitio web, como las p\u00e1ginas que visita con m\u00e1s frecuencia y los errores que pueden ocurrir. Estos datos nos ayudan a mejorar la funcionalidad y el rendimiento del sitio. Publicidad: Podemos utilizar cookies para ofrecerle anuncios personalizados seg\u00fan sus intereses y preferencias. Estas cookies nos ayudan a mostrarle contenido relevante y a limitar la cantidad de veces que se le muestra un anuncio en particular. Redes sociales: Algunas p\u00e1ginas de nuestro sitio web pueden incluir botones de redes sociales que le permiten compartir contenido en plataformas de redes sociales como Facebook, Twitter y LinkedIn. Estos botones pueden utilizar cookies para rastrear su actividad en l\u00ednea y personalizar su experiencia en las redes sociales. Control de cookies Puede controlar y administrar las cookies en su navegador. Tenga en cuenta que si deshabilita o elimina ciertas cookies, es posible que algunas partes de nuestro sitio web no funcionen correctamente o que su experiencia en l\u00ednea se vea afectada. La mayor\u00eda de los navegadores le permiten configurar sus preferencias de cookies a trav\u00e9s de la configuraci\u00f3n del navegador. Estos ajustes suelen encontrarse en el men\u00fa &#8220;Opciones&#8221; o &#8220;Preferencias&#8221; de su navegador. A trav\u00e9s de la configuraci\u00f3n del navegador, puede bloquear o eliminar cookies de forma selectiva o configurar su navegador para que le avise antes de que se coloquen cookies en su dispositivo. Para obtener m\u00e1s informaci\u00f3n sobre c\u00f3mo administrar cookies en diferentes navegadores, puede consultar la secci\u00f3n de ayuda o soporte del navegador espec\u00edfico que est\u00e9 utilizando. Cambios en la pol\u00edtica de cookies Nos reservamos el derecho de actualizar o modificar esta pol\u00edtica de cookies en cualquier momento. Cualquier cambio realizado se publicar\u00e1 en esta p\u00e1gina con la fecha de entrada en vigor revisada al comienzo de la pol\u00edtica. Le recomendamos que revise peri\u00f3dicamente esta pol\u00edtica para mantenerse informado sobre c\u00f3mo utilizamos las cookies. Contacto Si tiene alguna pregunta, inquietud o solicitud relacionada con nuestra pol\u00edtica de cookies, no dude en ponerse en contacto con nosotros<\/p>\n","protected":false},"author":1,"featured_media":0,"parent":0,"menu_order":0,"comment_status":"closed","ping_status":"closed","template":"","meta":{"site-sidebar-layout":"no-sidebar","site-content-layout":"page-builder","ast-global-header-display":"","ast-banner-title-visibility":"","ast-main-header-display":"","ast-hfb-above-header-display":"","ast-hfb-below-header-display":"","ast-hfb-mobile-header-display":"","site-post-title":"disabled","ast-breadcrumbs-content":"","ast-featured-img":"disabled","footer-sml-layout":"","theme-transparent-header-meta":"","adv-header-id-meta":"","stick-header-meta":"","header-above-stick-meta":"","header-main-stick-meta":"","header-below-stick-meta":"","footnotes":""},"aioseo_notices":[],"_links":{"self":[{"href":"https:\/\/cerrajeros24hr.es\/index.php?rest_route=\/wp\/v2\/pages\/1409"}],"collection":[{"href":"https:\/\/cerrajeros24hr.es\/index.php?rest_route=\/wp\/v2\/pages"}],"about":[{"href":"https:\/\/cerrajeros24hr.es\/index.php?rest_route=\/wp\/v2\/types\/page"}],"author":[{"embeddable":true,"href":"https:\/\/cerrajeros24hr.es\/index.php?rest_route=\/wp\/v2\/users\/1"}],"replies":[{"embeddable":true,"href":"https:\/\/cerrajeros24hr.es\/index.php?rest_route=%2Fwp%2Fv2%2Fcomments&post=1409"}],"version-history":[{"count":4,"href":"https:\/\/cerrajeros24hr.es\/index.php?rest_route=\/wp\/v2\/pages\/1409\/revisions"}],"predecessor-version":[{"id":1413,"href":"https:\/\/cerrajeros24hr.es\/index.php?rest_route=\/wp\/v2\/pages\/1409\/revisions\/1413"}],"wp:attachment":[{"href":"https:\/\/cerrajeros24hr.es\/index.php?rest_route=%2Fwp%2Fv2%2Fmedia&parent=1409"}],"curies":[{"name":"wp","href":"https:\/\/api.w.org\/{rel}","templated":true}]}}