{"id":1236,"date":"2023-05-28T20:56:09","date_gmt":"2023-05-28T20:56:09","guid":{"rendered":"https:\/\/cerrajeros24hr.es\/?page_id=1236"},"modified":"2025-10-07T10:44:47","modified_gmt":"2025-10-07T10:44:47","slug":"cerrajeros-en-vera","status":"publish","type":"page","link":"https:\/\/cerrajeros24hr.es\/?page_id=1236","title":{"rendered":"Cerrajeros en Vera"},"content":{"rendered":"<h2>Cerrajeros<br \/>\nen Vera<\/h2>\n<p><a href=\"tel:656343279\"><br \/>\n656 343 279 <\/a><\/p>\n<style>\/*! elementor - v3.13.3 - 28-05-2023 *\/<br \/>\n.elementor-heading-title{padding:0;margin:0;line-height:1}.elementor-widget-heading .elementor-heading-title[class*=elementor-size-]>a{color:inherit;font-size:inherit;line-height:inherit}.elementor-widget-heading .elementor-heading-title.elementor-size-small{font-size:15px}.elementor-widget-heading .elementor-heading-title.elementor-size-medium{font-size:19px}.elementor-widget-heading .elementor-heading-title.elementor-size-large{font-size:29px}.elementor-widget-heading .elementor-heading-title.elementor-size-xl{font-size:39px}.elementor-widget-heading .elementor-heading-title.elementor-size-xxl{font-size:59px}<\/style>\n<h1>urgencias 24h<\/h1>\n<h2>Nuestros clientes nos eligen<\/h2>\n<p><!-- link opening --><br \/>\n<a href=\"#\" target=\"_self\" rel=\"noopener\"><br \/>\n<!-- end link opening --><\/a><\/p>\n<h3>Velocidad<\/h3>\n<p>Acudiremos enseguida a la urgencia que te surja, cuenta con nosotros<\/p>\n<p><!-- link opening --><br \/>\n<a href=\"#\" target=\"_self\" rel=\"noopener\"><br \/>\n<!-- end link opening --><\/a><\/p>\n<h3>Disponibles 24h 365 d\u00edas<\/h3>\n<p>Disponibles en cualquier momento, ya sea durante el d\u00eda, la noche o fines de semana y d\u00edas festivos<\/p>\n<p><!-- link opening --><br \/>\n<a href=\"#\" target=\"_self\" rel=\"noopener\"><br \/>\n<!-- end link opening --><\/a><\/p>\n<h3>Experiencia<\/h3>\n<p>Somos expertos en el campo y poseemos un amplio conocimiento<\/p>\n<p><a role=\"button\" href=\"tel:656343279\"><br \/>\n656 343 279<br \/>\n<\/a><\/p>\n<h2>24 horas 365 d\u00edas<br \/>\nLl\u00e1manos<\/h2>\n<style>\/*! elementor - v3.13.3 - 28-05-2023 *\/<br \/>\n.elementor-widget-image-box .elementor-image-box-content{width:100%}@media (min-width:768px){.elementor-widget-image-box.elementor-position-left .elementor-image-box-wrapper,.elementor-widget-image-box.elementor-position-right .elementor-image-box-wrapper{display:flex}.elementor-widget-image-box.elementor-position-right .elementor-image-box-wrapper{text-align:right;flex-direction:row-reverse}.elementor-widget-image-box.elementor-position-left .elementor-image-box-wrapper{text-align:left;flex-direction:row}.elementor-widget-image-box.elementor-position-top .elementor-image-box-img{margin:auto}.elementor-widget-image-box.elementor-vertical-align-top .elementor-image-box-wrapper{align-items:flex-start}.elementor-widget-image-box.elementor-vertical-align-middle .elementor-image-box-wrapper{align-items:center}.elementor-widget-image-box.elementor-vertical-align-bottom .elementor-image-box-wrapper{align-items:flex-end}}@media (max-width:767px){.elementor-widget-image-box .elementor-image-box-img{margin-left:auto!important;margin-right:auto!important;margin-bottom:15px}}.elementor-widget-image-box .elementor-image-box-img{display:inline-block}.elementor-widget-image-box .elementor-image-box-title a{color:inherit}.elementor-widget-image-box .elementor-image-box-wrapper{text-align:center}.elementor-widget-image-box .elementor-image-box-description{margin:0}<\/style>\n<figure><a href=\"https:\/\/cerrajeros24hr.es\/\"><img fetchpriority=\"high\" decoding=\"async\" src=\"http:\/\/cerrajeros24hr.es\/wp-content\/uploads\/2023\/05\/24h.png\" alt=\"\" width=\"512\" height=\"512\" \/><\/a><\/figure>\n<h3><a href=\"https:\/\/cerrajeros24hr.es\/\">Urgencias 24h<\/a><\/h3>\n<p>\u00bfTienes una urgencia? Ll\u00e1manos y acudiremos lo antes posible<\/p>\n<figure><a href=\"https:\/\/cerrajeros24hr.es\/?page_id=740\"><img decoding=\"async\" src=\"http:\/\/cerrajeros24hr.es\/wp-content\/uploads\/2023\/05\/soporte-tecnico.png\" alt=\"\" width=\"512\" height=\"512\" \/><\/a><\/figure>\n<h3><a href=\"https:\/\/cerrajeros24hr.es\/?page_id=740\">Otros servicios<\/a><\/h3>\n<p>Descubre nuestros otros servicios como apertura de otro tipo de puertas o asistencia legal<\/p>\n<figure><a href=\"https:\/\/cerrajeros24hr.es\/?page_id=716\"><img decoding=\"async\" src=\"http:\/\/cerrajeros24hr.es\/wp-content\/uploads\/2023\/05\/correo-electronico-vacio.png\" alt=\"\" width=\"512\" height=\"512\" \/><\/a><\/figure>\n<h3><a href=\"https:\/\/cerrajeros24hr.es\/?page_id=716\">Contacto<\/a><\/h3>\n<p>Escribe o ll\u00e1manos, puedes preguntarnos cualquier duda o solicitarnos un presupuesto<\/p>\n<p>\u00bfNecesitas un cerrajero <b>confiable <\/b>y disponible las <b>24 horas<\/b> en el distrito de Vera? \u00a1No busques m\u00e1s! En nuestra empresa de cerrajer\u00eda, contamos con un equipo de <b>profesionales altamente capacitados<\/b> y listos para atender tus emergencias en cualquier momento del d\u00eda o de la noche.<\/p>\n<p>Sabemos lo estresante que puede ser quedarse fuera de casa o tener un problema de seguridad en horarios no convencionales. Es por eso que nuestro servicio de cerrajer\u00eda 24 horas est\u00e1 dise\u00f1ado para brindarte la tranquilidad que necesitas en situaciones urgentes. Ya sea que hayas perdido las llaves, tu cerradura se haya averiado o necesites reforzar la seguridad de tu hogar, <b>estamos aqu\u00ed para ayudarte.<\/b><\/p>\n<p>Nuestro equipo de cerrajeros profesionales en el distrito de Vera cuenta con <b>a\u00f1os de experiencia en el secto<\/b>r. Est\u00e1n equipados con las herramientas m\u00e1s modernas y utilizan<b> t\u00e9cnicas avanzadas<\/b> para resolver cualquier problema de cerrajer\u00eda de manera eficiente y sin da\u00f1ar tus puertas o cerraduras.<\/p>\n<p><a role=\"button\" href=\"https:\/\/wa.link\/dxdhw2\"><br \/>\n656 343 279<br \/>\n<\/a><\/p>\n<h3>Escr\u00edbenos por WhatsApp<\/h3>\n<h2>\u00bfNecesitas un presupuesto?<\/h2>\n<style>\/*! elementor - v3.13.3 - 28-05-2023 *\/<br \/>\n.elementor-widget-divider{--divider-border-style:none;--divider-border-width:1px;--divider-color:#0c0d0e;--divider-icon-size:20px;--divider-element-spacing:10px;--divider-pattern-height:24px;--divider-pattern-size:20px;--divider-pattern-url:none;--divider-pattern-repeat:repeat-x}.elementor-widget-divider .elementor-divider{display:flex}.elementor-widget-divider .elementor-divider__text{font-size:15px;line-height:1;max-width:95%}.elementor-widget-divider .elementor-divider__element{margin:0 var(--divider-element-spacing);flex-shrink:0}.elementor-widget-divider .elementor-icon{font-size:var(--divider-icon-size)}.elementor-widget-divider .elementor-divider-separator{display:flex;margin:0;direction:ltr}.elementor-widget-divider--view-line_icon .elementor-divider-separator,.elementor-widget-divider--view-line_text .elementor-divider-separator{align-items:center}.elementor-widget-divider--view-line_icon .elementor-divider-separator:after,.elementor-widget-divider--view-line_icon .elementor-divider-separator:before,.elementor-widget-divider--view-line_text .elementor-divider-separator:after,.elementor-widget-divider--view-line_text .elementor-divider-separator:before{display:block;content:\"\";border-bottom:0;flex-grow:1;border-top:var(--divider-border-width) var(--divider-border-style) var(--divider-color)}.elementor-widget-divider--element-align-left .elementor-divider .elementor-divider-separator>.elementor-divider__svg:first-of-type{flex-grow:0;flex-shrink:100}.elementor-widget-divider--element-align-left .elementor-divider-separator:before{content:none}.elementor-widget-divider--element-align-left .elementor-divider__element{margin-left:0}.elementor-widget-divider--element-align-right .elementor-divider .elementor-divider-separator>.elementor-divider__svg:last-of-type{flex-grow:0;flex-shrink:100}.elementor-widget-divider--element-align-right .elementor-divider-separator:after{content:none}.elementor-widget-divider--element-align-right .elementor-divider__element{margin-right:0}.elementor-widget-divider:not(.elementor-widget-divider--view-line_text):not(.elementor-widget-divider--view-line_icon) .elementor-divider-separator{border-top:var(--divider-border-width) var(--divider-border-style) var(--divider-color)}.elementor-widget-divider--separator-type-pattern{--divider-border-style:none}.elementor-widget-divider--separator-type-pattern.elementor-widget-divider--view-line .elementor-divider-separator,.elementor-widget-divider--separator-type-pattern:not(.elementor-widget-divider--view-line) .elementor-divider-separator:after,.elementor-widget-divider--separator-type-pattern:not(.elementor-widget-divider--view-line) .elementor-divider-separator:before,.elementor-widget-divider--separator-type-pattern:not([class*=elementor-widget-divider--view]) .elementor-divider-separator{width:100%;min-height:var(--divider-pattern-height);-webkit-mask-size:var(--divider-pattern-size) 100%;mask-size:var(--divider-pattern-size) 100%;-webkit-mask-repeat:var(--divider-pattern-repeat);mask-repeat:var(--divider-pattern-repeat);background-color:var(--divider-color);-webkit-mask-image:var(--divider-pattern-url);mask-image:var(--divider-pattern-url)}.elementor-widget-divider--no-spacing{--divider-pattern-size:auto}.elementor-widget-divider--bg-round{--divider-pattern-repeat:round}.rtl .elementor-widget-divider .elementor-divider__text{direction:rtl}.e-con-inner>.elementor-widget-divider,.e-con>.elementor-widget-divider{width:var(--container-widget-width,100%);--flex-grow:var(--container-widget-flex-grow)}<\/style>\n<ul>\n<li><a href=\"#\"><br \/>\n<\/a><a href=\"mailto:toledocerrajeros24horas@gmail.com\">toledocerrajeros24horas@gmail.com<\/a><a href=\"#\"><br \/>\n<\/a><\/li>\n<li>656 343 279<\/li>\n<li>656 343 279<\/li>\n<\/ul>\n<h3>Cont\u00e1ctanos<\/h3>\n<h3>Aceptamos cualquier m\u00e9todo de pago<\/h3>\n<style>\/*! elementor - v3.13.3 - 28-05-2023 *\/<br \/>\n.elementor-widget-image{text-align:center}.elementor-widget-image a{display:inline-block}.elementor-widget-image a img[src$=\".svg\"]{width:48px}.elementor-widget-image img{vertical-align:middle;display:inline-block}<\/style>\n<p><img loading=\"lazy\" decoding=\"async\" src=\"http:\/\/cerrajeros24hr.es\/wp-content\/uploads\/2023\/05\/VISA-copy-1.png-copia-1024x271-1.webp\" sizes=\"(max-width: 1024px) 100vw, 1024px\" srcset=\"https:\/\/cerrajeros24hr.es\/wp-content\/uploads\/2023\/05\/VISA-copy-1.png-copia-1024x271-1.webp 1024w, https:\/\/cerrajeros24hr.es\/wp-content\/uploads\/2023\/05\/VISA-copy-1.png-copia-1024x271-1-300x79.webp 300w, https:\/\/cerrajeros24hr.es\/wp-content\/uploads\/2023\/05\/VISA-copy-1.png-copia-1024x271-1-768x203.webp 768w\" alt=\"\" width=\"1024\" height=\"271\" \/><\/p>\n<style>\/*! elementor - v3.13.3 - 28-05-2023 *\/<br \/>\n.elementor-widget-google_maps .elementor-widget-container{overflow:hidden}.elementor-widget-google_maps .elementor-custom-embed{line-height:0}.elementor-widget-google_maps iframe{height:300px}<\/style>\n<p><iframe title=\"Vera\" src=\"https:\/\/maps.google.com\/maps?q=Vera&amp;t=m&amp;z=11&amp;output=embed&amp;iwloc=near\" aria-label=\"Vera\"><\/iframe><\/p>\n","protected":false},"excerpt":{"rendered":"<p>Cerrajeros en Vera 656 343 279 urgencias 24h Nuestros clientes nos eligen Velocidad Acudiremos enseguida a la urgencia que te surja, cuenta con nosotros Disponibles 24h 365 d\u00edas Disponibles en cualquier momento, ya sea durante el d\u00eda, la noche o fines de semana y d\u00edas festivos Experiencia Somos expertos en el campo y poseemos un amplio conocimiento 656 343 279 24 horas 365 d\u00edas Ll\u00e1manos Urgencias 24h \u00bfTienes una urgencia? Ll\u00e1manos y acudiremos lo antes posible Otros servicios Descubre nuestros otros servicios como apertura de otro tipo de puertas o asistencia legal Contacto Escribe o ll\u00e1manos, puedes preguntarnos cualquier duda o solicitarnos un presupuesto \u00bfNecesitas un cerrajero confiable y disponible las 24 horas en el distrito de Vera? \u00a1No busques m\u00e1s! En nuestra empresa de cerrajer\u00eda, contamos con un equipo de profesionales altamente capacitados y listos para atender tus emergencias en cualquier momento del d\u00eda o de la noche. Sabemos lo estresante que puede ser quedarse fuera de casa o tener un problema de seguridad en horarios no convencionales. Es por eso que nuestro servicio de cerrajer\u00eda 24 horas est\u00e1 dise\u00f1ado para brindarte la tranquilidad que necesitas en situaciones urgentes. Ya sea que hayas perdido las llaves, tu cerradura se haya averiado o necesites reforzar la seguridad de tu hogar, estamos aqu\u00ed para ayudarte. Nuestro equipo de cerrajeros profesionales en el distrito de Vera cuenta con a\u00f1os de experiencia en el sector. Est\u00e1n equipados con las herramientas m\u00e1s modernas y utilizan t\u00e9cnicas avanzadas para resolver cualquier problema de cerrajer\u00eda de manera eficiente y sin da\u00f1ar tus puertas o cerraduras. 656 343 279 Escr\u00edbenos por WhatsApp \u00bfNecesitas un presupuesto? toledocerrajeros24horas@gmail.com 656 343 279 656 343 279 Cont\u00e1ctanos Aceptamos cualquier m\u00e9todo de pago<\/p>\n","protected":false},"author":1,"featured_media":0,"parent":0,"menu_order":0,"comment_status":"closed","ping_status":"closed","template":"","meta":{"site-sidebar-layout":"no-sidebar","site-content-layout":"page-builder","ast-global-header-display":"","ast-banner-title-visibility":"","ast-main-header-display":"","ast-hfb-above-header-display":"","ast-hfb-below-header-display":"","ast-hfb-mobile-header-display":"","site-post-title":"disabled","ast-breadcrumbs-content":"","ast-featured-img":"disabled","footer-sml-layout":"","theme-transparent-header-meta":"","adv-header-id-meta":"","stick-header-meta":"","header-above-stick-meta":"","header-main-stick-meta":"","header-below-stick-meta":"","footnotes":""},"aioseo_notices":[],"_links":{"self":[{"href":"https:\/\/cerrajeros24hr.es\/index.php?rest_route=\/wp\/v2\/pages\/1236"}],"collection":[{"href":"https:\/\/cerrajeros24hr.es\/index.php?rest_route=\/wp\/v2\/pages"}],"about":[{"href":"https:\/\/cerrajeros24hr.es\/index.php?rest_route=\/wp\/v2\/types\/page"}],"author":[{"embeddable":true,"href":"https:\/\/cerrajeros24hr.es\/index.php?rest_route=\/wp\/v2\/users\/1"}],"replies":[{"embeddable":true,"href":"https:\/\/cerrajeros24hr.es\/index.php?rest_route=%2Fwp%2Fv2%2Fcomments&post=1236"}],"version-history":[{"count":8,"href":"https:\/\/cerrajeros24hr.es\/index.php?rest_route=\/wp\/v2\/pages\/1236\/revisions"}],"predecessor-version":[{"id":1571,"href":"https:\/\/cerrajeros24hr.es\/index.php?rest_route=\/wp\/v2\/pages\/1236\/revisions\/1571"}],"wp:attachment":[{"href":"https:\/\/cerrajeros24hr.es\/index.php?rest_route=%2Fwp%2Fv2%2Fmedia&parent=1236"}],"curies":[{"name":"wp","href":"https:\/\/api.w.org\/{rel}","templated":true}]}}